{"id":212,"date":"2025-04-13T18:23:43","date_gmt":"2025-04-13T18:23:43","guid":{"rendered":"https:\/\/acdcabinet.com\/ro\/?page_id=212"},"modified":"2025-05-25T14:31:21","modified_gmt":"2025-05-25T14:31:21","slug":"despre-andreea-catalina-dinculeasa","status":"publish","type":"page","link":"https:\/\/acdcabinet.com\/ro\/despre-andreea-catalina-dinculeasa\/","title":{"rendered":"Despre Andreea C\u0103t\u0103lina Dinculeasa"},"content":{"rendered":"<p>[et_pb_section fb_built=&#8221;1&#8243; admin_label=&#8221;Header&#8221; _builder_version=&#8221;4.27.4&#8243; _module_preset=&#8221;default&#8221; background_color=&#8221;gcid-8544a4e2-27b8-420a-83de-1cee04f2fb29&#8243; custom_padding=&#8221;||0px||false|false&#8221; locked=&#8221;off&#8221; collapsed=&#8221;on&#8221; global_colors_info=&#8221;{%22gcid-8544a4e2-27b8-420a-83de-1cee04f2fb29%22:%91%22background_color%22%93}&#8221;][et_pb_row column_structure=&#8221;3_5,2_5&#8243; _builder_version=&#8221;4.27.4&#8243; _module_preset=&#8221;default&#8221; global_colors_info=&#8221;{}&#8221;][et_pb_column type=&#8221;3_5&#8243; _builder_version=&#8221;4.25.1&#8243; _module_preset=&#8221;default&#8221; global_colors_info=&#8221;{}&#8221;][et_pb_heading title=&#8221;Despre Andreea C\u0103t\u0103lina  Dinculeasa&#8221; _builder_version=&#8221;4.27.4&#8243; _module_preset=&#8221;e1db64b5-e42a-40eb-aa11-9f4292b9b74a&#8221; title_text_color=&#8221;#000000&#8243; title_font_size=&#8221;67px&#8221; custom_padding=&#8221;20px||||false|false&#8221; title_font_size_phone=&#8221;30px&#8221; border_width_top=&#8221;2px&#8221; locked=&#8221;off&#8221; global_colors_info=&#8221;{}&#8221;][\/et_pb_heading][et_pb_text _builder_version=&#8221;4.27.4&#8243; _module_preset=&#8221;db71bfeb-d8f0-47b2-9409-4b960d55651e&#8221; text_text_color=&#8221;#000000&#8243; text_font_size=&#8221;19px&#8221; text_font_size_phone=&#8221;20px&#8221; locked=&#8221;off&#8221; global_colors_info=&#8221;{}&#8221;]<\/p>\n<p><strong>Psiholog clinician | Terapeut de cuplu <\/strong><strong>\u0219i familie <\/strong><strong>\u2013 sistemic<\/strong><br \/><strong>Timi<\/strong><strong>\u0219oara &amp; Online<\/strong><\/p>\n<p>[\/et_pb_text][et_pb_button button_url=&#8221;tel:+40746021113&#8243; button_text=&#8221;0746 021 113&#8243; _builder_version=&#8221;4.27.4&#8243; _module_preset=&#8221;962e2df8-4090-469b-90c2-7844f7d23c7c&#8221; button_text_color=&#8221;#000000&#8243; button_border_color=&#8221;#000000&#8243; background_layout=&#8221;dark&#8221; locked=&#8221;off&#8221; global_colors_info=&#8221;{%22gcid-fa3e187d-20a7-4c5a-962d-49a38117a4cc%22:%91%22button_text_color%22%93}&#8221;][\/et_pb_button][\/et_pb_column][et_pb_column type=&#8221;2_5&#8243; _builder_version=&#8221;4.25.1&#8243; _module_preset=&#8221;default&#8221; global_colors_info=&#8221;{}&#8221;][et_pb_image src=&#8221;https:\/\/acdcabinet.com\/ro\/wp-content\/uploads\/2025\/01\/Psiholog-Andreea-Catalina-Dinculeasa.jpg&#8221; title_text=&#8221;Psiholog Andreea Catalina Dinculeasa&#8221; _builder_version=&#8221;4.27.4&#8243; _module_preset=&#8221;default&#8221; border_radii=&#8221;on|500px|500px|500px|500px&#8221; global_colors_info=&#8221;{}&#8221; width__hover_enabled=&#8221;off|desktop&#8221;][\/et_pb_image][et_pb_divider show_divider=&#8221;off&#8221; _builder_version=&#8221;4.25.1&#8243; _module_preset=&#8221;default&#8221; background_color=&#8221;gcid-bcc99e3b-722a-4dba-85e5-49c6d1592562&#8243; positioning=&#8221;absolute&#8221; position_origin_a=&#8221;top_right&#8221; width=&#8221;90px&#8221; width_tablet=&#8221;90px&#8221; width_phone=&#8221;60px&#8221; width_last_edited=&#8221;on|desktop&#8221; height=&#8221;90px&#8221; height_tablet=&#8221;90px&#8221; height_phone=&#8221;60px&#8221; height_last_edited=&#8221;on|desktop&#8221; border_radii=&#8221;on|500px|500px|500px|500px&#8221; global_colors_info=&#8221;{%22gcid-bcc99e3b-722a-4dba-85e5-49c6d1592562%22:%91%22background_color%22,%22background_color%22,%22background_color%22%93}&#8221;][\/et_pb_divider][\/et_pb_column][\/et_pb_row][\/et_pb_section][et_pb_section fb_built=&#8221;1&#8243; admin_label=&#8221;About&#8221; _builder_version=&#8221;4.27.4&#8243; _module_preset=&#8221;default&#8221; background_color=&#8221;#efede8&#8243; locked=&#8221;off&#8221; collapsed=&#8221;on&#8221; global_colors_info=&#8221;{}&#8221;][et_pb_row column_structure=&#8221;1_3,2_3&#8243; _builder_version=&#8221;4.25.1&#8243; _module_preset=&#8221;default&#8221; locked=&#8221;off&#8221; global_colors_info=&#8221;{}&#8221;][et_pb_column type=&#8221;1_3&#8243; _builder_version=&#8221;4.25.1&#8243; _module_preset=&#8221;default&#8221; global_colors_info=&#8221;{}&#8221;][et_pb_image src=&#8221;https:\/\/acdcabinet.com\/ro\/wp-content\/uploads\/2025\/04\/psychologist-illustration-04-1.png&#8221; title_text=&#8221;psychologist-illustration-04-1&#8243; _builder_version=&#8221;4.25.1&#8243; _module_preset=&#8221;default&#8221; max_width=&#8221;170px&#8221; global_colors_info=&#8221;{}&#8221;][\/et_pb_image][\/et_pb_column][et_pb_column type=&#8221;2_3&#8243; _builder_version=&#8221;4.25.1&#8243; _module_preset=&#8221;default&#8221; global_colors_info=&#8221;{}&#8221;][et_pb_heading title=&#8221;Psiholog&#8221; _builder_version=&#8221;4.27.4&#8243; _module_preset=&#8221;fb6b197b-1269-4bb4-a62f-834c6f1e7516&#8243; title_text_color=&#8221;#000000&#8243; global_colors_info=&#8221;{}&#8221;][\/et_pb_heading][et_pb_heading title=&#8221;Cine este Andreea C\u0103t\u0103lina Dinculeasa&#8221; _builder_version=&#8221;4.27.4&#8243; _module_preset=&#8221;ee860e4d-e091-48bf-ab63-7eed2b3b4266&#8243; title_text_color=&#8221;#000000&#8243; hover_enabled=&#8221;0&#8243; title_font_size_phone=&#8221;30px&#8221; global_colors_info=&#8221;{}&#8221; sticky_enabled=&#8221;0&#8243;][\/et_pb_heading][et_pb_text _builder_version=&#8221;4.27.4&#8243; _module_preset=&#8221;db71bfeb-d8f0-47b2-9409-4b960d55651e&#8221; text_text_color=&#8221;#000000&#8243; hover_enabled=&#8221;0&#8243; text_font_size_phone=&#8221;18px&#8221; global_colors_info=&#8221;{}&#8221; sticky_enabled=&#8221;0&#8243;]<\/p>\n<p><strong>Andreea C\u0103t\u0103lina Dinculeasa<\/strong> este psiholog clinician acreditat de <strong>Colegiul Psihologilor din Rom\u00e2nia<\/strong>, cu specializare \u00een <strong>terapie de familie <\/strong><strong>\u0219i de cuplu<\/strong>, bazat\u0103 pe <strong>abordarea sistemic\u0103<\/strong>. Este un profesionist dedicat care lucreaz\u0103 cu empatie, claritate \u0219i o viziune profund\u0103 asupra rela\u021biilor umane.<\/p>\n<p>Cu o experien\u021b\u0103 consolidat\u0103 \u00een <strong>consiliere psihologic\u0103 individual\u0103<\/strong>, <strong>terapie de cuplu<\/strong> \u0219i <strong>terapie de familie<\/strong>, Andreea ofer\u0103 un spa\u021biu sigur \u0219i echilibrat \u00een care clien\u021bii pot explora, \u00een\u021belege \u0219i transforma dificult\u0103\u021bile personale sau rela\u021bionale.<\/p>\n<p>Activeaz\u0103 at\u00e2t \u00een <strong>cabinetul de psihologie din Timi<\/strong><strong>\u0219oara<\/strong>, c\u00e2t \u0219i \u00een <strong>mediu online<\/strong>, oferind acces la terapie pentru persoane din \u00eentreaga \u021bar\u0103 sau din diaspora.<\/p>\n<p>[\/et_pb_text][et_pb_heading title=&#8221;\u201eRela\u021biile nu se repar\u0103 doar prin cuvinte, ci prin prezen\u021b\u0103, ascultare \u0219i inten\u021bia sincer\u0103 de a \u00een\u021belege.\u201d&#8221; _builder_version=&#8221;4.27.4&#8243; _module_preset=&#8221;070f9e0e-5efa-46bb-aab5-c5ac9fac27d1&#8243; title_font=&#8221;Montserrat|700|on||||||&#8221; title_text_color=&#8221;#000000&#8243; title_font_size_phone=&#8221;16px&#8221; global_colors_info=&#8221;{}&#8221;][\/et_pb_heading][et_pb_text _builder_version=&#8221;4.27.4&#8243; _module_preset=&#8221;db71bfeb-d8f0-47b2-9409-4b960d55651e&#8221; text_text_color=&#8221;#000000&#8243; hover_enabled=&#8221;0&#8243; text_font_size_phone=&#8221;18px&#8221; global_colors_info=&#8221;{}&#8221; sticky_enabled=&#8221;0&#8243; header_3_font_size_phone=&#8221;25px&#8221;]<\/p>\n<h3 style=\"margin-bottom: 8px;\">Povestea ACD \u2013 C\u00e2nd c\u0103utarea devine chemare<\/h3>\n<blockquote style=\"margin: 0; padding-left: 1em; border-left: 3px solid #ccc; font-style: italic;\">\n<p>\u201eC\u0103utam. Nu doar r\u0103spunsuri teoretice sau explica\u021bii \u0219tiin\u021bifice, ci un sens viu, profund \u2013 o form\u0103 autentic\u0103 de a fi al\u0103turi de oameni \u00een momentele lor de r\u0103scruce. \u00cenc\u0103 din anii de formare \u00een psihologie, sim\u021beam c\u0103 dincolo de ce se pred\u0103 exist\u0103 o lume subtil\u0103, uneori t\u0103cut\u0103, \u00een care suferin\u021ba are nevoie de prezen\u021b\u0103, de r\u0103bdare \u0219i de o ascultare care s\u0103 nu gr\u0103beasc\u0103 vindecarea.<\/p>\n<p>Am fost mereu fascinat\u0103 de complexitatea fiin\u021bei umane \u2013 de emo\u021biile care se ascund sub t\u0103ceri, de gesturile mici care spun pove\u0219ti mari, de modul \u00een care fiecare om \u00ee\u0219i poart\u0103 trecutul \u00een felul \u00een care prive\u0219te, alege, se teme sau iube\u0219te. Curiozitatea aceasta nu s-a stins niciodat\u0103. Dimpotriv\u0103 \u2013 a crescut odat\u0103 cu fiecare om pe care l-am \u00eent\u00e2lnit \u00een cabinet.<\/p>\n<p>Anii de lucru direct cu oamenii m-au \u00eenv\u0103\u021bat mai mult dec\u00e2t orice manual. Mi-au ar\u0103tat c\u00e2t\u0103 for\u021b\u0103 exist\u0103 \u00een vulnerabilitate \u0219i c\u00e2t\u0103 speran\u021b\u0103 se poate na\u0219te din cele mai dificile momente. Am \u00een\u021beles c\u0103 nu este despre \u201ea repara\u201d pe cineva, ci despre a-l \u00eenso\u021bi cu respect \u0219i claritate \u00een procesul propriei transform\u0103ri.<\/p>\n<p>Ast\u0103zi, \u0219tiu c\u0103 nu am ales \u00eent\u00e2mpl\u0103tor aceast\u0103 cale. Ea m-a ales pe mine, \u00eentr-un fel t\u0103cut \u0219i firesc. \u00cemi folosesc preg\u0103tirea profesional\u0103, experien\u021ba \u0219i intui\u021bia pentru a crea un spa\u021biu sigur, unde oamenii se pot reg\u0103si pe ei \u00een\u0219i\u0219i, unde pot sim\u021bi c\u0103 nu sunt singuri, c\u0103 durerea lor are sens, iar procesul lor este valoros.<\/p>\n<p>Nimic nu m\u0103 \u00eempline\u0219te mai mult dec\u00e2t acel moment \u00een care cineva se uit\u0103 la sine cu mai mult\u0103 bl\u00e2nde\u021be, mai mult\u0103 \u00een\u021belegere \u0219i curaj. Acel moment \u00een care apare o sc\u00e2nteie \u2013 \u0219i \u00eencepe adev\u0103rata schimbare.<\/p>\n<p>Aceasta este povestea mea \u2013 una care s-a scris pas cu pas. \u0218i poate c\u0103 urm\u0103toarea poveste \u00eencepe chiar cu tine.\u201d<\/p>\n<\/blockquote>\n<p style=\"margin-top: 8px; text-align: right; font-style: italic;\">Andreea C\u0103t\u0103lina Dinculeasa<\/p>\n<p>[\/et_pb_text][\/et_pb_column][\/et_pb_row][\/et_pb_section][et_pb_section fb_built=&#8221;1&#8243; admin_label=&#8221;Qualifications&#8221; _builder_version=&#8221;4.27.4&#8243; _module_preset=&#8221;default&#8221; background_color=&#8221;#40d0d0&#8243; custom_padding=&#8221;||0px||false|false&#8221; locked=&#8221;off&#8221; collapsed=&#8221;on&#8221; global_colors_info=&#8221;{}&#8221;][et_pb_row column_structure=&#8221;1_3,2_3&#8243; _builder_version=&#8221;4.27.4&#8243; _module_preset=&#8221;default&#8221; custom_padding=&#8221;0px||||false|false&#8221; global_colors_info=&#8221;{}&#8221;][et_pb_column type=&#8221;1_3&#8243; _builder_version=&#8221;4.25.1&#8243; _module_preset=&#8221;default&#8221; global_colors_info=&#8221;{}&#8221;][et_pb_heading title=&#8221;Abordarea terapeutic\u0103&#8221; _builder_version=&#8221;4.27.4&#8243; _module_preset=&#8221;ee860e4d-e091-48bf-ab63-7eed2b3b4266&#8243; title_text_color=&#8221;#FFFFFF&#8221; title_font_size_phone=&#8221;30px&#8221; global_colors_info=&#8221;{}&#8221;][\/et_pb_heading][\/et_pb_column][et_pb_column type=&#8221;2_3&#8243; _builder_version=&#8221;4.25.1&#8243; _module_preset=&#8221;default&#8221; global_colors_info=&#8221;{}&#8221;][et_pb_text _builder_version=&#8221;4.27.4&#8243; _module_preset=&#8221;40223ac3-71d1-474e-ac0f-f97852f2ca96&#8243; text_text_color=&#8221;#FFFFFF&#8221; text_font_size=&#8221;18px&#8221; global_colors_info=&#8221;{}&#8221;]<\/p>\n<p>Andreea lucreaz\u0103 \u00een principal din perspectiva <strong>sistemic\u0103<\/strong>, o abordare care prive\u0219te persoana \u00een contextul rela\u021biilor sale \u2013 de familie, de cuplu, sociale sau profesionale. Scopul terapiei este identificarea tiparelor disfunc\u021bionale, reconstruc\u021bia comunic\u0103rii \u0219i activarea resurselor personale \u0219i rela\u021bionale.<\/p>\n<p>Indiferent dac\u0103 lucreaz\u0103 individual sau cu un sistem (cuplu, familie), Andreea sprijin\u0103 procesul de:<\/p>\n<p>[\/et_pb_text][et_pb_blurb title=&#8221;\u00een\u021belegere profund\u0103 a nevoilor emo\u021bionale;&#8221; use_icon=&#8221;on&#8221; font_icon=&#8221;&#xe052;||divi||400&#8243; icon_color=&#8221;#FFFFFF&#8221; icon_placement=&#8221;left&#8221; image_icon_width=&#8221;22px&#8221; content_max_width=&#8221;1100px&#8221; _builder_version=&#8221;4.27.4&#8243; header_font=&#8221;||||||||&#8221; header_text_color=&#8221;#FFFFFF&#8221; header_font_size=&#8221;16px&#8221; header_line_height=&#8221;1.4em&#8221; background_layout=&#8221;dark&#8221; custom_margin=&#8221;||5px||false|false&#8221; animation_style=&#8221;slide&#8221; animation_direction=&#8221;bottom&#8221; animation_intensity_slide=&#8221;5%&#8221; header_font_size_tablet=&#8221;16px&#8221; header_font_size_phone=&#8221;18px&#8221; header_font_size_last_edited=&#8221;on|phone&#8221; icon_font_size=&#8221;22px&#8221; global_colors_info=&#8221;{}&#8221;][\/et_pb_blurb][et_pb_blurb title=&#8221;clarificare a blocajelor interioare sau rela\u021bionale;&#8221; use_icon=&#8221;on&#8221; font_icon=&#8221;&#xe052;||divi||400&#8243; icon_color=&#8221;#FFFFFF&#8221; icon_placement=&#8221;left&#8221; image_icon_width=&#8221;22px&#8221; content_max_width=&#8221;1100px&#8221; _builder_version=&#8221;4.27.4&#8243; header_font=&#8221;||||||||&#8221; header_text_color=&#8221;#FFFFFF&#8221; header_font_size=&#8221;16px&#8221; header_line_height=&#8221;1.4em&#8221; background_layout=&#8221;dark&#8221; custom_margin=&#8221;||5px||false|false&#8221; animation_style=&#8221;slide&#8221; animation_direction=&#8221;bottom&#8221; animation_intensity_slide=&#8221;5%&#8221; header_font_size_tablet=&#8221;16px&#8221; header_font_size_phone=&#8221;18px&#8221; header_font_size_last_edited=&#8221;on|phone&#8221; icon_font_size=&#8221;22px&#8221; global_colors_info=&#8221;{}&#8221;][\/et_pb_blurb][et_pb_blurb title=&#8221;reconectare autentic\u0103 cu sinele \u0219i cu cei din jur.&#8221; use_icon=&#8221;on&#8221; font_icon=&#8221;&#xe052;||divi||400&#8243; icon_color=&#8221;#FFFFFF&#8221; icon_placement=&#8221;left&#8221; image_icon_width=&#8221;22px&#8221; content_max_width=&#8221;1100px&#8221; _builder_version=&#8221;4.27.4&#8243; header_font=&#8221;||||||||&#8221; header_text_color=&#8221;#FFFFFF&#8221; header_font_size=&#8221;16px&#8221; header_line_height=&#8221;1.4em&#8221; background_layout=&#8221;dark&#8221; custom_margin=&#8221;||5px||false|false&#8221; animation_style=&#8221;slide&#8221; animation_direction=&#8221;bottom&#8221; animation_intensity_slide=&#8221;5%&#8221; header_font_size_tablet=&#8221;16px&#8221; header_font_size_phone=&#8221;18px&#8221; header_font_size_last_edited=&#8221;on|phone&#8221; icon_font_size=&#8221;22px&#8221; global_colors_info=&#8221;{}&#8221;][\/et_pb_blurb][\/et_pb_column][\/et_pb_row][\/et_pb_section][et_pb_section fb_built=&#8221;1&#8243; admin_label=&#8221;Footer&#8221; _builder_version=&#8221;4.27.4&#8243; _module_preset=&#8221;default&#8221; background_color=&#8221;#efede8&#8243; custom_padding=&#8221;||0px||false|false&#8221; saved_tabs=&#8221;all&#8221; collapsed=&#8221;on&#8221; global_colors_info=&#8221;{}&#8221;][et_pb_row column_structure=&#8221;1_2,1_2&#8243; _builder_version=&#8221;4.25.1&#8243; _module_preset=&#8221;default&#8221; global_colors_info=&#8221;{}&#8221;][et_pb_column type=&#8221;1_2&#8243; _builder_version=&#8221;4.25.1&#8243; _module_preset=&#8221;default&#8221; global_colors_info=&#8221;{}&#8221;][et_pb_image src=&#8221;https:\/\/acdcabinet.com\/ro\/wp-content\/uploads\/2025\/01\/terapie-individuala-acd-cabinet-psiholog-timisoara-si-online.jpg&#8221; title_text=&#8221;terapie individuala &#8211; acd cabinet psiholog timisoara si online&#8221; _builder_version=&#8221;4.27.4&#8243; _module_preset=&#8221;default&#8221; global_colors_info=&#8221;{}&#8221;][\/et_pb_image][\/et_pb_column][et_pb_column type=&#8221;1_2&#8243; _builder_version=&#8221;4.25.1&#8243; _module_preset=&#8221;default&#8221; global_colors_info=&#8221;{}&#8221;][et_pb_heading title=&#8221;Domenii de interven\u021bie&#8221; _builder_version=&#8221;4.27.4&#8243; _module_preset=&#8221;ee860e4d-e091-48bf-ab63-7eed2b3b4266&#8243; title_text_color=&#8221;#000000&#8243; title_font_size_phone=&#8221;30px&#8221; global_colors_info=&#8221;{}&#8221;][\/et_pb_heading][et_pb_text _builder_version=&#8221;4.27.4&#8243; _module_preset=&#8221;40223ac3-71d1-474e-ac0f-f97852f2ca96&#8243; text_text_color=&#8221;#000000&#8243; text_font_size=&#8221;18px&#8221; global_colors_info=&#8221;{}&#8221;]<\/p>\n<ul>\n<li><strong>Psihoterapie individual\u0103<\/strong> pentru anxietate, stres, pierderea direc\u021biei, stim\u0103 de sine sc\u0103zut\u0103;<\/li>\n<\/ul>\n<ul>\n<li><strong>Terapie de cuplu \u00een Timi<\/strong><strong>\u0219oara<\/strong> sau online: conflicte, reconectare, comunicare, infidelitate;<\/li>\n<\/ul>\n<ul>\n<li><strong>Terapie de familie<\/strong>: dificult\u0103\u021bi parentale, tensiuni \u00eentre genera\u021bii, crize de adaptare;<\/li>\n<\/ul>\n<ul>\n<li>Sprijin \u00een <strong>perioade de tranzi<\/strong><strong>\u021bie<\/strong> (divor\u021b, doliu, mutare, schimb\u0103ri profesionale);<\/li>\n<\/ul>\n<ul>\n<li>Explorarea tiparelor rela\u021bionale repetitive \u0219i a convingerilor limitative.<\/li>\n<\/ul>\n<p>[\/et_pb_text][\/et_pb_column][\/et_pb_row][\/et_pb_section][et_pb_section fb_built=&#8221;1&#8243; admin_label=&#8221;Qualifications&#8221; _builder_version=&#8221;4.27.4&#8243; _module_preset=&#8221;default&#8221; background_color=&#8221;#40d0d0&#8243; custom_padding=&#8221;0px||0px||false|false&#8221; locked=&#8221;off&#8221; collapsed=&#8221;on&#8221; global_colors_info=&#8221;{}&#8221;][et_pb_row column_structure=&#8221;1_2,1_2&#8243; _builder_version=&#8221;4.25.1&#8243; _module_preset=&#8221;default&#8221; global_colors_info=&#8221;{}&#8221;][et_pb_column type=&#8221;1_2&#8243; _builder_version=&#8221;4.25.1&#8243; _module_preset=&#8221;default&#8221; global_colors_info=&#8221;{}&#8221;][et_pb_heading title=&#8221;Cum po\u021bi lucra cu Andreea&#8221; _builder_version=&#8221;4.27.4&#8243; _module_preset=&#8221;ee860e4d-e091-48bf-ab63-7eed2b3b4266&#8243; title_text_color=&#8221;#FFFFFF&#8221; title_font_size=&#8221;40px&#8221; title_font_size_phone=&#8221;30px&#8221; global_colors_info=&#8221;{}&#8221;][\/et_pb_heading][et_pb_image src=&#8221;https:\/\/acdcabinet.com\/ro\/wp-content\/uploads\/2025\/01\/terapie-de-cuplu-acd-cabinet-de-psihologie.jpeg&#8221; title_text=&#8221;Beautiful and happy young couple visiting psychologist for relationship counseling.&#8221; _builder_version=&#8221;4.27.4&#8243; _module_preset=&#8221;default&#8221; global_colors_info=&#8221;{}&#8221;][\/et_pb_image][\/et_pb_column][et_pb_column type=&#8221;1_2&#8243; _builder_version=&#8221;4.25.1&#8243; _module_preset=&#8221;default&#8221; global_colors_info=&#8221;{}&#8221;][et_pb_text _builder_version=&#8221;4.27.4&#8243; _module_preset=&#8221;40223ac3-71d1-474e-ac0f-f97852f2ca96&#8243; text_text_color=&#8221;#FFFFFF&#8221; text_font_size=&#8221;18px&#8221; global_colors_info=&#8221;{}&#8221;]<\/p>\n<p>\u0218edin\u021bele pot avea loc:<\/p>\n<ul>\n<li><strong>la cabinet<\/strong> \u2013 \u00eentr-un spa\u021biu intim \u0219i profesional, situat \u00een Timi\u0219oara,<\/li>\n<li><strong>online<\/strong>, prin platforme securizate, potrivite \u0219i pentru cei care se afl\u0103 \u00een alt ora\u0219 sau \u00een afara \u021b\u0103rii.<\/li>\n<\/ul>\n<p>Procesul \u00eencepe cu o prim\u0103 \u00eent\u00e2lnire de cunoa\u0219tere, \u00een care se contureaz\u0103 obiectivele, ritmul \u0219i direc\u021bia potrivit\u0103 pentru fiecare client. Este un pas firesc, f\u0103r\u0103 presiune, menit s\u0103 clarifice dac\u0103 \u0219i cum terapia poate sprijini persoana \u00een mod real.<\/p>\n<p><strong>Biografie profesional\u0103<\/strong><\/p>\n<p><strong>Andreea C\u0103t\u0103lina Dinculeasa<\/strong><br \/>Psiholog clinician<br \/>Terapeut de cuplu \u0219i familie \u2013 sistemic<\/p>\n<p>\u2705 Acreditare: Colegiul Psihologilor din Rom\u00e2nia<br \/>\u2705 Abordare: Sistemic\u0103<br \/>\u2705 Activitate: Timi\u0219oara &amp; Online<br \/>\u2705 \u0218edin\u021be: individuale, de cuplu, de familie<\/p>\n<p>[\/et_pb_text][\/et_pb_column][\/et_pb_row][\/et_pb_section]<\/p>\n","protected":false},"excerpt":{"rendered":"<p>Psiholog clinician | Terapeut de cuplu \u0219i familie \u2013 sistemicTimi\u0219oara &amp; OnlineAndreea C\u0103t\u0103lina Dinculeasa este psiholog clinician acreditat de Colegiul Psihologilor din Rom\u00e2nia, cu specializare \u00een terapie de familie \u0219i de cuplu, bazat\u0103 pe abordarea sistemic\u0103. Este un profesionist dedicat care lucreaz\u0103 cu empatie, claritate \u0219i o viziune profund\u0103 asupra rela\u021biilor umane. Cu o experien\u021b\u0103 [&hellip;]<\/p>\n","protected":false},"author":1,"featured_media":0,"parent":0,"menu_order":0,"comment_status":"closed","ping_status":"closed","template":"","meta":{"_et_pb_use_builder":"on","_et_pb_old_content":"","_et_gb_content_width":"","footnotes":""},"class_list":["post-212","page","type-page","status-publish","hentry"],"_links":{"self":[{"href":"https:\/\/acdcabinet.com\/ro\/wp-json\/wp\/v2\/pages\/212","targetHints":{"allow":["GET"]}}],"collection":[{"href":"https:\/\/acdcabinet.com\/ro\/wp-json\/wp\/v2\/pages"}],"about":[{"href":"https:\/\/acdcabinet.com\/ro\/wp-json\/wp\/v2\/types\/page"}],"author":[{"embeddable":true,"href":"https:\/\/acdcabinet.com\/ro\/wp-json\/wp\/v2\/users\/1"}],"replies":[{"embeddable":true,"href":"https:\/\/acdcabinet.com\/ro\/wp-json\/wp\/v2\/comments?post=212"}],"version-history":[{"count":0,"href":"https:\/\/acdcabinet.com\/ro\/wp-json\/wp\/v2\/pages\/212\/revisions"}],"wp:attachment":[{"href":"https:\/\/acdcabinet.com\/ro\/wp-json\/wp\/v2\/media?parent=212"}],"curies":[{"name":"wp","href":"https:\/\/api.w.org\/{rel}","templated":true}]}}